{"id":479,"date":"2022-12-10T06:28:55","date_gmt":"2022-12-10T06:28:55","guid":{"rendered":"https:\/\/prigo.mx\/prigo-wip\/?page_id=479"},"modified":"2025-05-01T22:58:05","modified_gmt":"2025-05-01T22:58:05","slug":"aviso-de-privacidad","status":"publish","type":"page","link":"https:\/\/prigo.mx\/prigo-wip\/aviso-de-privacidad\/","title":{"rendered":"Aviso de privacidad"},"content":{"rendered":"<p>[vc_row full_width=\u00bbstretch_row\u00bb css=\u00bb.vc_custom_1668465271084{padding-top: 250px !important;background: #000000 url(https:\/\/prigo.mx\/wp-content\/uploads\/2022\/11\/img-header-principal-hd-V1.png?id=256) !important;background-position: center !important;background-repeat: no-repeat !important;background-size: cover !important;}\u00bb el_id=\u00bbcontenido-desktop\u00bb][vc_column][\/vc_column][\/vc_row][vc_row full_width=\u00bbstretch_row\u00bb css=\u00bb.vc_custom_1668465345678{background-color: #000000 !important;}\u00bb el_id=\u00bbcontenido-mobile\u00bb][vc_column]\n\t\t\t<!-- START home REVOLUTION SLIDER 6.6.1 --><p class=\"rs-p-wp-fix\"><\/p>\n\t\t\t<rs-module-wrap id=\"rev_slider_6_1_wrapper\" data-source=\"gallery\" style=\"visibility:hidden;background:transparent;padding:0;margin:0px auto;margin-top:0;margin-bottom:0;\">\n\t\t\t\t<rs-module id=\"rev_slider_6_1\" style=\"\" data-version=\"6.6.1\">\n\t\t\t\t\t<rs-slides style=\"overflow: hidden; position: absolute;\">\n\t\t\t\t\t\t<rs-slide style=\"position: absolute;\" data-key=\"rs-6\" data-title=\"Slide\" data-in=\"o:0;\" data-out=\"a:false;\">\n\t\t\t\t\t\t\t<img decoding=\"async\" src=\"\/\/prigo.mx\/wp-content\/plugins\/revslider\/public\/assets\/assets\/dummy.png\" alt=\"\" title=\"img-header-principal-hd-V1\" width=\"1940\" height=\"293\" class=\"rev-slidebg tp-rs-img rs-lazyload\" data-lazyload=\"\/\/prigo.mx\/wp-content\/uploads\/2022\/11\/img-header-principal-hd-V1.png\" data-bg=\"p:center top;\" data-no-retina>\n<!---->\t\t\t\t\t\t<\/rs-slide>\n\t\t\t\t\t<\/rs-slides>\n\t\t\t\t<\/rs-module>\n\t\t\t\t<script>\n\t\t\t\t\tsetREVStartSize({c: 'rev_slider_6_1',rl:[1240,1024,778,480],el:[292],gw:[1240],gh:[292],type:'hero',justify:'',layout:'fullwidth',mh:\"0\"});if (window.RS_MODULES!==undefined && window.RS_MODULES.modules!==undefined && window.RS_MODULES.modules[\"revslider61\"]!==undefined) {window.RS_MODULES.modules[\"revslider61\"].once = false;window.revapi6 = undefined;if (window.RS_MODULES.checkMinimal!==undefined) window.RS_MODULES.checkMinimal()}\n\t\t\t\t<\/script>\n\t\t\t<\/rs-module-wrap>\n\t\t\t<!-- END REVOLUTION SLIDER -->\n[\/vc_column][\/vc_row][vc_row full_width=\u00bbstretch_row\u00bb el_id=\u00bblink\u00bb el_class=\u00bbnegro\u00bb css=\u00bb.vc_custom_1670252698725{margin-top: 25px !important;margin-bottom: -25px !important;}\u00bb][vc_column][vc_column_text css=\u00bb.vc_custom_1746140265539{padding-right: 10px !important;padding-left: 10px !important;}\u00bb el_class=\u00bbtxt-contacto\u00bb]PRIGO ACEROS ESPECIALES S.A. DE C.V. Aviso de privacidad.<\/p>\n<p>PRIGO ACEROS ESPECIALES S.A. de C.V. con domicilio en Anbanica No. 14 A, 76904 Corregidora, Quer\u00e9taro, es el responsable del uso y protecci\u00f3n de sus datos personales y al respecto le informa lo siguiente:<\/p>\n<p>&nbsp;<\/p>\n<p><strong>\u00bfPara qu\u00e9 fines utilizaremos sus datos personales?<\/strong><strong>\u00a0 <\/strong><\/p>\n<p>El prop\u00f3sito de la obtenci\u00f3n y transferencia de los datos es la generaci\u00f3n de un directorio de posibles clientes, mismos a los cuales se les har\u00e1 llegar la informaci\u00f3n que en el formulario en cuesti\u00f3n solicitaron, derivado del mismo el contacto telef\u00f3nico, v\u00eda correo o personal, siendo el contacto personal de car\u00e1cter no obligatorio pero que por solicitud del aplicante sea as\u00ed solicitada.<\/p>\n<p>Al aceptar este aviso de privacidad otorga a PRIGO ACEROS ESPECIALES S.A. DE C.V.\u00a0 la facultad de enviar al correo proporcionado propaganda, boletines o informaci\u00f3n que por consecuente sea del car\u00e1cter mercadot\u00e9cnico o de prospecci\u00f3n comercial, de existir una negativa ante esta usted podr\u00e1 hacerla de conocimiento mediante el env\u00edo de un correo electr\u00f3nico.<\/p>\n<p>&nbsp;<\/p>\n<p><strong>\u00bfQu\u00e9 datos personales recabamos y utilizamos sobre usted?<\/strong><\/p>\n<p>Para llevar a cabo las finalidades descritas en el presente aviso de privacidad, utilizaremos los siguientes datos personales: nombre completo y correo electr\u00f3nico.<\/p>\n<p><strong>\u00bfA qui\u00e9n transfiero los datos personales?<\/strong><strong>\u00a0 <\/strong><\/p>\n<p>Los datos personales llenados en el siguiente formulario ser\u00e1n transferidos \u00fanica y exclusivamente a los departamentos de ventas, administraci\u00f3n y fabricaciones en PRIGO ACEROS ESPECIALES S.A. DE C.V. , ubicados en la direcci\u00f3n antes mencionada y a los correos a continuaci\u00f3n mencionados:<\/p>\n<p>prigo216@outlook.com\u00a0 (Fabricaciones)<\/p>\n<p>Ventasprigo@outlook.com\u00a0 (Ventas)<\/p>\n<p>admonprigo@outlook.com (Administraci\u00f3n)<\/p>\n<p><strong>\u00bfC\u00f3mo puede acceder, rectificar o cancelar sus datos personales, u oponerse a su uso?<\/strong><\/p>\n<p>Los datos proporcionados en el formulario pueden ser modificados mediante el env\u00edo de un correo informativo direccionado a las cuentas de correo ventasprigo@outlook.com\u00a0 y admonprigo@outlook.com con el asunto del correo MODIFICACION DE DATOS PERSONALES.<\/p>\n<p>&nbsp;<\/p>\n<p><strong>\u00bfC\u00f3mo puede revocar su consentimiento para el uso de sus datos personales?<\/strong><strong>\u00a0 <\/strong><\/p>\n<p>Mediante un correo a las cuentas ventasprigo@outlook.com\u00a0 y <a href=\"mailto:admonprigo@outlook.com\">admonprigo@outlook.com<\/a> con t\u00edtulo en el asunto REVOCAMIENTO DE USO DE DATOS PERSONALES.<\/p>\n<p>Usted puede revocar el consentimiento que, en su caso, nos haya otorgado para el tratamiento de sus datos personales. Sin embargo, es importante que tenga en cuenta que no en todos los casos podremos atender su solicitud o concluir el uso de forma inmediata, ya que es posible que por alguna obligaci\u00f3n legal requiramos seguir tratando sus datos personales. Asimismo, usted deber\u00e1 considerar que, para ciertos fines, la revocaci\u00f3n de su consentimiento implicar\u00e1 que no le podamos seguir prestando el servicio que nos solicit\u00f3, o la conclusi\u00f3n de su relaci\u00f3n con nosotros.<\/p>\n<p>&nbsp;<\/p>\n<p><strong>\u00bfC\u00f3mo puede conocer los cambios a este aviso de privacidad?<\/strong><\/p>\n<p>El presente aviso de privacidad puede sufrir modificaciones, cambios o actualizaciones derivadas de nuevos requerimientos legales; de nuestras propias necesidades por los productos o servicios que ofrecemos; de nuestras pr\u00e1cticas de privacidad; de cambios en nuestro modelo de negocio, o por otras causas.\u00a0 Nos comprometemos a mantenerlo informado sobre los cambios que pueda sufrir el presente aviso de privacidad, a trav\u00e9s de los correos ya antes mencionados.<\/p>\n<p><strong>\u00bfD\u00f3nde puede consultar el aviso de\u00a0 privacidad integral?<\/strong><\/p>\n<p>Podr\u00e1 consultar el aviso de privacidad en la pagina web oficial de PRIGO ACEROS ESPECIALES S.A. DE C.V.\u00a0 en el apartado Aviso de privacidad.[\/vc_column_text][\/vc_column][\/vc_row]<\/p>\n","protected":false},"excerpt":{"rendered":"<p>[vc_row full_width=\u00bbstretch_row\u00bb css=\u00bb.vc_custom_1668465271084{padding-top: 250px !important;background: #000000 url(https:\/\/prigo.mx\/wp-content\/uploads\/2022\/11\/img-header-principal-hd-V1.png?id=256) !important;background-position: center !important;background-repeat: no-repeat !important;background-size: cover !important;}\u00bb el_id=\u00bbcontenido-desktop\u00bb][vc_column][\/vc_column][\/vc_row][vc_row full_width=\u00bbstretch_row\u00bb css=\u00bb.vc_custom_1668465345678{background-color: #000000 !important;}\u00bb el_id=\u00bbcontenido-mobile\u00bb][vc_column][\/vc_column][\/vc_row][vc_row full_width=\u00bbstretch_row\u00bb el_id=\u00bblink\u00bb el_class=\u00bbnegro\u00bb css=\u00bb.vc_custom_1670252698725{margin-top: 25px !important;margin-bottom: -25px !important;}\u00bb][vc_column][vc_column_text css=\u00bb.vc_custom_1746140265539{padding-right: 10px !important;padding-left: 10px !important;}\u00bb el_class=\u00bbtxt-contacto\u00bb]PRIGO ACEROS ESPECIALES S.A. DE C.V. Aviso de privacidad. PRIGO ACEROS ESPECIALES S.A. de C.V. con domicilio en Anbanica No. 14 A, [&hellip;]<\/p>\n","protected":false},"author":2,"featured_media":0,"parent":0,"menu_order":0,"comment_status":"closed","ping_status":"open","template":"","meta":{"_uag_custom_page_level_css":"","site-sidebar-layout":"no-sidebar","site-content-layout":"plain-container","ast-site-content-layout":"default","site-content-style":"default","site-sidebar-style":"default","ast-global-header-display":"","ast-banner-title-visibility":"","ast-main-header-display":"","ast-hfb-above-header-display":"","ast-hfb-below-header-display":"","ast-hfb-mobile-header-display":"","site-post-title":"disabled","ast-breadcrumbs-content":"","ast-featured-img":"disabled","footer-sml-layout":"","ast-disable-related-posts":"","theme-transparent-header-meta":"","adv-header-id-meta":"","stick-header-meta":"","header-above-stick-meta":"","header-main-stick-meta":"","header-below-stick-meta":"","astra-migrate-meta-layouts":"default","ast-page-background-enabled":"default","ast-page-background-meta":{"desktop":{"background-color":"","background-image":"","background-repeat":"repeat","background-position":"center center","background-size":"auto","background-attachment":"scroll","background-type":"","background-media":"","overlay-type":"","overlay-color":"","overlay-opacity":"","overlay-gradient":""},"tablet":{"background-color":"","background-image":"","background-repeat":"repeat","background-position":"center center","background-size":"auto","background-attachment":"scroll","background-type":"","background-media":"","overlay-type":"","overlay-color":"","overlay-opacity":"","overlay-gradient":""},"mobile":{"background-color":"","background-image":"","background-repeat":"repeat","background-position":"center center","background-size":"auto","background-attachment":"scroll","background-type":"","background-media":"","overlay-type":"","overlay-color":"","overlay-opacity":"","overlay-gradient":""}},"ast-content-background-meta":{"desktop":{"background-color":"var(--ast-global-color-5)","background-image":"","background-repeat":"repeat","background-position":"center center","background-size":"auto","background-attachment":"scroll","background-type":"","background-media":"","overlay-type":"","overlay-color":"","overlay-opacity":"","overlay-gradient":""},"tablet":{"background-color":"var(--ast-global-color-5)","background-image":"","background-repeat":"repeat","background-position":"center center","background-size":"auto","background-attachment":"scroll","background-type":"","background-media":"","overlay-type":"","overlay-color":"","overlay-opacity":"","overlay-gradient":""},"mobile":{"background-color":"var(--ast-global-color-5)","background-image":"","background-repeat":"repeat","background-position":"center center","background-size":"auto","background-attachment":"scroll","background-type":"","background-media":"","overlay-type":"","overlay-color":"","overlay-opacity":"","overlay-gradient":""}},"_joinchat":[],"footnotes":""},"class_list":["post-479","page","type-page","status-publish","hentry"],"yoast_head":"<!-- This site is optimized with the Yoast SEO plugin v27.3 - https:\/\/yoast.com\/product\/yoast-seo-wordpress\/ -->\n<title>Aviso de privacidad - PRIGO ACEROS ESPECIALES S.A. de C.V.<\/title>\n<meta name=\"robots\" content=\"index, follow, max-snippet:-1, max-image-preview:large, max-video-preview:-1\" \/>\n<link rel=\"canonical\" href=\"https:\/\/prigo.mx\/prigo-wip\/aviso-de-privacidad\/\" \/>\n<meta property=\"og:locale\" content=\"es_ES\" \/>\n<meta property=\"og:type\" content=\"article\" \/>\n<meta property=\"og:title\" content=\"Aviso de privacidad - PRIGO ACEROS ESPECIALES S.A. de C.V.\" \/>\n<meta property=\"og:description\" content=\"[vc_row full_width=\u00bbstretch_row\u00bb css=\u00bb.vc_custom_1668465271084{padding-top: 250px !important;background: #000000 url(https:\/\/prigo.mx\/wp-content\/uploads\/2022\/11\/img-header-principal-hd-V1.png?id=256) !important;background-position: center !important;background-repeat: no-repeat !important;background-size: cover !important;}\u00bb el_id=\u00bbcontenido-desktop\u00bb][vc_column][\/vc_column][\/vc_row][vc_row full_width=\u00bbstretch_row\u00bb css=\u00bb.vc_custom_1668465345678{background-color: #000000 !important;}\u00bb el_id=\u00bbcontenido-mobile\u00bb][vc_column][\/vc_column][\/vc_row][vc_row full_width=\u00bbstretch_row\u00bb el_id=\u00bblink\u00bb el_class=\u00bbnegro\u00bb css=\u00bb.vc_custom_1670252698725{margin-top: 25px !important;margin-bottom: -25px !important;}\u00bb][vc_column][vc_column_text css=\u00bb.vc_custom_1746140265539{padding-right: 10px !important;padding-left: 10px !important;}\u00bb el_class=\u00bbtxt-contacto\u00bb]PRIGO ACEROS ESPECIALES S.A. DE C.V. Aviso de privacidad. PRIGO ACEROS ESPECIALES S.A. de C.V. con domicilio en Anbanica No. 14 A, [&hellip;]\" \/>\n<meta property=\"og:url\" content=\"https:\/\/prigo.mx\/prigo-wip\/aviso-de-privacidad\/\" \/>\n<meta property=\"og:site_name\" content=\"PRIGO ACEROS ESPECIALES S.A. de C.V.\" \/>\n<meta property=\"article:publisher\" content=\"https:\/\/www.facebook.com\/share\/1Ag2aeUQAx\/\" \/>\n<meta property=\"article:modified_time\" content=\"2025-05-01T22:58:05+00:00\" \/>\n<meta name=\"twitter:card\" content=\"summary_large_image\" \/>\n<meta name=\"twitter:label1\" content=\"Tiempo de lectura\" \/>\n\t<meta name=\"twitter:data1\" content=\"3 minutos\" \/>\n<script type=\"application\/ld+json\" class=\"yoast-schema-graph\">{\"@context\":\"https:\\\/\\\/schema.org\",\"@graph\":[{\"@type\":\"WebPage\",\"@id\":\"https:\\\/\\\/prigo.mx\\\/prigo-wip\\\/aviso-de-privacidad\\\/\",\"url\":\"https:\\\/\\\/prigo.mx\\\/prigo-wip\\\/aviso-de-privacidad\\\/\",\"name\":\"Aviso de privacidad - PRIGO ACEROS ESPECIALES S.A. de C.V.\",\"isPartOf\":{\"@id\":\"https:\\\/\\\/prigo.mx\\\/prigo-wip\\\/#website\"},\"datePublished\":\"2022-12-10T06:28:55+00:00\",\"dateModified\":\"2025-05-01T22:58:05+00:00\",\"breadcrumb\":{\"@id\":\"https:\\\/\\\/prigo.mx\\\/prigo-wip\\\/aviso-de-privacidad\\\/#breadcrumb\"},\"inLanguage\":\"es\",\"potentialAction\":[{\"@type\":\"ReadAction\",\"target\":[\"https:\\\/\\\/prigo.mx\\\/prigo-wip\\\/aviso-de-privacidad\\\/\"]}]},{\"@type\":\"BreadcrumbList\",\"@id\":\"https:\\\/\\\/prigo.mx\\\/prigo-wip\\\/aviso-de-privacidad\\\/#breadcrumb\",\"itemListElement\":[{\"@type\":\"ListItem\",\"position\":1,\"name\":\"Portada\",\"item\":\"https:\\\/\\\/prigo.mx\\\/prigo-wip\\\/\"},{\"@type\":\"ListItem\",\"position\":2,\"name\":\"Aviso de privacidad\"}]},{\"@type\":\"WebSite\",\"@id\":\"https:\\\/\\\/prigo.mx\\\/prigo-wip\\\/#website\",\"url\":\"https:\\\/\\\/prigo.mx\\\/prigo-wip\\\/\",\"name\":\"prigo.mx\",\"description\":\"Soluciones f\u00e1ciles para aplicaciones dif\u00edciles\",\"publisher\":{\"@id\":\"https:\\\/\\\/prigo.mx\\\/prigo-wip\\\/#organization\"},\"potentialAction\":[{\"@type\":\"SearchAction\",\"target\":{\"@type\":\"EntryPoint\",\"urlTemplate\":\"https:\\\/\\\/prigo.mx\\\/prigo-wip\\\/?s={search_term_string}\"},\"query-input\":{\"@type\":\"PropertyValueSpecification\",\"valueRequired\":true,\"valueName\":\"search_term_string\"}}],\"inLanguage\":\"es\"},{\"@type\":\"Organization\",\"@id\":\"https:\\\/\\\/prigo.mx\\\/prigo-wip\\\/#organization\",\"name\":\"Prigo Aceros Especiales S.A. de C.V.\",\"url\":\"https:\\\/\\\/prigo.mx\\\/prigo-wip\\\/\",\"logo\":{\"@type\":\"ImageObject\",\"inLanguage\":\"es\",\"@id\":\"https:\\\/\\\/prigo.mx\\\/prigo-wip\\\/#\\\/schema\\\/logo\\\/image\\\/\",\"url\":\"https:\\\/\\\/prigo.mx\\\/wp-content\\\/uploads\\\/2023\\\/02\\\/cropped-cropped-LOGO-PRIGO2-1-1-1.png\",\"contentUrl\":\"https:\\\/\\\/prigo.mx\\\/wp-content\\\/uploads\\\/2023\\\/02\\\/cropped-cropped-LOGO-PRIGO2-1-1-1.png\",\"width\":1794,\"height\":1795,\"caption\":\"Prigo Aceros Especiales S.A. de C.V.\"},\"image\":{\"@id\":\"https:\\\/\\\/prigo.mx\\\/prigo-wip\\\/#\\\/schema\\\/logo\\\/image\\\/\"},\"sameAs\":[\"https:\\\/\\\/www.facebook.com\\\/share\\\/1Ag2aeUQAx\\\/\",\"https:\\\/\\\/www.instagram.com\\\/prigoacerosespeciales?igsh=YnFtaGJ2cjRyNjN4\",\"https:\\\/\\\/www.linkedin.com\\\/company\\\/prigo-aceros-de-importacin\\\/?viewAsMember=true\"]}]}<\/script>\n<!-- \/ Yoast SEO plugin. -->","yoast_head_json":{"title":"Aviso de privacidad - PRIGO ACEROS ESPECIALES S.A. de C.V.","robots":{"index":"index","follow":"follow","max-snippet":"max-snippet:-1","max-image-preview":"max-image-preview:large","max-video-preview":"max-video-preview:-1"},"canonical":"https:\/\/prigo.mx\/prigo-wip\/aviso-de-privacidad\/","og_locale":"es_ES","og_type":"article","og_title":"Aviso de privacidad - PRIGO ACEROS ESPECIALES S.A. de C.V.","og_description":"[vc_row full_width=\u00bbstretch_row\u00bb css=\u00bb.vc_custom_1668465271084{padding-top: 250px !important;background: #000000 url(https:\/\/prigo.mx\/wp-content\/uploads\/2022\/11\/img-header-principal-hd-V1.png?id=256) !important;background-position: center !important;background-repeat: no-repeat !important;background-size: cover !important;}\u00bb el_id=\u00bbcontenido-desktop\u00bb][vc_column][\/vc_column][\/vc_row][vc_row full_width=\u00bbstretch_row\u00bb css=\u00bb.vc_custom_1668465345678{background-color: #000000 !important;}\u00bb el_id=\u00bbcontenido-mobile\u00bb][vc_column][\/vc_column][\/vc_row][vc_row full_width=\u00bbstretch_row\u00bb el_id=\u00bblink\u00bb el_class=\u00bbnegro\u00bb css=\u00bb.vc_custom_1670252698725{margin-top: 25px !important;margin-bottom: -25px !important;}\u00bb][vc_column][vc_column_text css=\u00bb.vc_custom_1746140265539{padding-right: 10px !important;padding-left: 10px !important;}\u00bb el_class=\u00bbtxt-contacto\u00bb]PRIGO ACEROS ESPECIALES S.A. DE C.V. Aviso de privacidad. PRIGO ACEROS ESPECIALES S.A. de C.V. con domicilio en Anbanica No. 14 A, [&hellip;]","og_url":"https:\/\/prigo.mx\/prigo-wip\/aviso-de-privacidad\/","og_site_name":"PRIGO ACEROS ESPECIALES S.A. de C.V.","article_publisher":"https:\/\/www.facebook.com\/share\/1Ag2aeUQAx\/","article_modified_time":"2025-05-01T22:58:05+00:00","twitter_card":"summary_large_image","twitter_misc":{"Tiempo de lectura":"3 minutos"},"schema":{"@context":"https:\/\/schema.org","@graph":[{"@type":"WebPage","@id":"https:\/\/prigo.mx\/prigo-wip\/aviso-de-privacidad\/","url":"https:\/\/prigo.mx\/prigo-wip\/aviso-de-privacidad\/","name":"Aviso de privacidad - PRIGO ACEROS ESPECIALES S.A. de C.V.","isPartOf":{"@id":"https:\/\/prigo.mx\/prigo-wip\/#website"},"datePublished":"2022-12-10T06:28:55+00:00","dateModified":"2025-05-01T22:58:05+00:00","breadcrumb":{"@id":"https:\/\/prigo.mx\/prigo-wip\/aviso-de-privacidad\/#breadcrumb"},"inLanguage":"es","potentialAction":[{"@type":"ReadAction","target":["https:\/\/prigo.mx\/prigo-wip\/aviso-de-privacidad\/"]}]},{"@type":"BreadcrumbList","@id":"https:\/\/prigo.mx\/prigo-wip\/aviso-de-privacidad\/#breadcrumb","itemListElement":[{"@type":"ListItem","position":1,"name":"Portada","item":"https:\/\/prigo.mx\/prigo-wip\/"},{"@type":"ListItem","position":2,"name":"Aviso de privacidad"}]},{"@type":"WebSite","@id":"https:\/\/prigo.mx\/prigo-wip\/#website","url":"https:\/\/prigo.mx\/prigo-wip\/","name":"prigo.mx","description":"Soluciones f\u00e1ciles para aplicaciones dif\u00edciles","publisher":{"@id":"https:\/\/prigo.mx\/prigo-wip\/#organization"},"potentialAction":[{"@type":"SearchAction","target":{"@type":"EntryPoint","urlTemplate":"https:\/\/prigo.mx\/prigo-wip\/?s={search_term_string}"},"query-input":{"@type":"PropertyValueSpecification","valueRequired":true,"valueName":"search_term_string"}}],"inLanguage":"es"},{"@type":"Organization","@id":"https:\/\/prigo.mx\/prigo-wip\/#organization","name":"Prigo Aceros Especiales S.A. de C.V.","url":"https:\/\/prigo.mx\/prigo-wip\/","logo":{"@type":"ImageObject","inLanguage":"es","@id":"https:\/\/prigo.mx\/prigo-wip\/#\/schema\/logo\/image\/","url":"https:\/\/prigo.mx\/wp-content\/uploads\/2023\/02\/cropped-cropped-LOGO-PRIGO2-1-1-1.png","contentUrl":"https:\/\/prigo.mx\/wp-content\/uploads\/2023\/02\/cropped-cropped-LOGO-PRIGO2-1-1-1.png","width":1794,"height":1795,"caption":"Prigo Aceros Especiales S.A. de C.V."},"image":{"@id":"https:\/\/prigo.mx\/prigo-wip\/#\/schema\/logo\/image\/"},"sameAs":["https:\/\/www.facebook.com\/share\/1Ag2aeUQAx\/","https:\/\/www.instagram.com\/prigoacerosespeciales?igsh=YnFtaGJ2cjRyNjN4","https:\/\/www.linkedin.com\/company\/prigo-aceros-de-importacin\/?viewAsMember=true"]}]}},"uagb_featured_image_src":{"full":false,"thumbnail":false,"medium":false,"medium_large":false,"large":false,"1536x1536":false,"2048x2048":false},"uagb_author_info":{"display_name":"Prigo","author_link":"https:\/\/prigo.mx\/prigo-wip\/author\/prigo\/"},"uagb_comment_info":0,"uagb_excerpt":"[vc_row full_width=\u00bbstretch_row\u00bb css=\u00bb.vc_custom_1668465271084{padding-top: 250px !important;background: #000000 url(https:\/\/prigo.mx\/wp-content\/uploads\/2022\/11\/img-header-principal-hd-V1.png?id=256) !important;background-position: center !important;background-repeat: no-repeat !important;background-size: cover !important;}\u00bb el_id=\u00bbcontenido-desktop\u00bb][vc_column][\/vc_column][\/vc_row][vc_row full_width=\u00bbstretch_row\u00bb css=\u00bb.vc_custom_1668465345678{background-color: #000000 !important;}\u00bb el_id=\u00bbcontenido-mobile\u00bb][vc_column][\/vc_column][\/vc_row][vc_row full_width=\u00bbstretch_row\u00bb el_id=\u00bblink\u00bb el_class=\u00bbnegro\u00bb css=\u00bb.vc_custom_1670252698725{margin-top: 25px !important;margin-bottom: -25px !important;}\u00bb][vc_column][vc_column_text css=\u00bb.vc_custom_1746140265539{padding-right: 10px !important;padding-left: 10px !important;}\u00bb el_class=\u00bbtxt-contacto\u00bb]PRIGO ACEROS ESPECIALES S.A. DE C.V. Aviso de privacidad. PRIGO ACEROS ESPECIALES S.A. de C.V. con domicilio en Anbanica No. 14 A,&hellip;","_links":{"self":[{"href":"https:\/\/prigo.mx\/prigo-wip\/wp-json\/wp\/v2\/pages\/479","targetHints":{"allow":["GET"]}}],"collection":[{"href":"https:\/\/prigo.mx\/prigo-wip\/wp-json\/wp\/v2\/pages"}],"about":[{"href":"https:\/\/prigo.mx\/prigo-wip\/wp-json\/wp\/v2\/types\/page"}],"author":[{"embeddable":true,"href":"https:\/\/prigo.mx\/prigo-wip\/wp-json\/wp\/v2\/users\/2"}],"replies":[{"embeddable":true,"href":"https:\/\/prigo.mx\/prigo-wip\/wp-json\/wp\/v2\/comments?post=479"}],"version-history":[{"count":7,"href":"https:\/\/prigo.mx\/prigo-wip\/wp-json\/wp\/v2\/pages\/479\/revisions"}],"predecessor-version":[{"id":627,"href":"https:\/\/prigo.mx\/prigo-wip\/wp-json\/wp\/v2\/pages\/479\/revisions\/627"}],"wp:attachment":[{"href":"https:\/\/prigo.mx\/prigo-wip\/wp-json\/wp\/v2\/media?parent=479"}],"curies":[{"name":"wp","href":"https:\/\/api.w.org\/{rel}","templated":true}]}}