{"id":1779,"date":"2026-03-02T06:09:16","date_gmt":"2026-03-02T06:09:16","guid":{"rendered":"https:\/\/prigo.mx\/prigo-wip\/?page_id=1779"},"modified":"2026-03-02T06:09:17","modified_gmt":"2026-03-02T06:09:17","slug":"fabricacion-2","status":"publish","type":"page","link":"https:\/\/prigo.mx\/prigo-wip\/fabricacion-2\/","title":{"rendered":"Fabricaci\u00f3n"},"content":{"rendered":"\n<div style=\"background-color: transparent; width: 100%; box-sizing: border-box; clear: both;\">\n\n    <div style=\"background-color: #000000; color: #ffffff; font-family: Arial, sans-serif; padding: 60px 20px; box-sizing: border-box; width: 100%; margin: 0;\">\n\n        <div style=\"text-align: center; margin-bottom: 70px;\">\n            <h1 style=\"color: #ffffff; text-transform: uppercase; font-size: 40px; margin-top: 0; margin-bottom: 10px; letter-spacing: 2px;\">Fabricaci\u00f3n<\/h1>\n            <h2 style=\"color: #aaaaaa; font-size: 18px; margin-top: 0; font-weight: normal;\">Proyectos a medida y soluciones exactas para la industria pesada.<\/h2>\n        <\/div>\n\n        <div style=\"margin-bottom: 80px; max-width: 1200px; margin-left: auto; margin-right: auto;\">\n            <div style=\"border-bottom: 2px solid #333; margin-bottom: 30px; padding-bottom: 10px;\">\n                <h3 style=\"color: #ffffff; text-transform: uppercase; font-size: 24px; margin: 0;\">Material para <span style=\"color: #FF0000; font-size: 28px;\">Alto Impacto<\/span><\/h3>\n                <p style=\"color: #cccccc; margin-top: 5px;\">12\/14% Manganeso<\/p>\n            <\/div>\n\n            <div style=\"display: flex; flex-wrap: wrap; gap: 30px; justify-content: center;\">\n                \n                <div style=\"flex: 1 1 calc(33.333% - 30px); min-width: 280px; background-color: #1a1a1a; border-radius: 8px; overflow: hidden; border-top: 4px solid #FF0000;\">\n                    <img decoding=\"async\" src=\"http:\/\/prigo.mx\/wp-content\/uploads\/2026\/03\/CORTE-PLASMA-ACTUALIZADO-scaled.png\" alt=\"Corte por Plasma\" style=\"width: 100%; height: 250px; object-fit: cover; display: block;\">\n                    <div style=\"padding: 20px;\">\n                        <p style=\"margin: 0; color: #dddddd; font-size: 15px; line-height: 1.5; text-align: center;\">Corte por medio de plasma, placa de 20 mm espesor, tablillas piso granalladora.<\/p>\n                    <\/div>\n                <\/div>\n\n                <div style=\"flex: 1 1 calc(33.333% - 30px); min-width: 280px; background-color: #1a1a1a; border-radius: 8px; overflow: hidden; border-top: 4px solid #FF0000;\">\n                    <img decoding=\"async\" src=\"http:\/\/prigo.mx\/wp-content\/uploads\/2024\/10\/alto-impacto-10.jpg\" alt=\"Blindaje Granalladora\" style=\"width: 100%; height: 250px; object-fit: cover; display: block;\">\n                    <div style=\"padding: 20px;\">\n                        <p style=\"margin: 0; color: #dddddd; font-size: 15px; line-height: 1.5; text-align: center;\">Blindaje para granalladoras 12-14% Manganeso.<\/p>\n                    <\/div>\n                <\/div>\n\n                <div style=\"flex: 1 1 calc(33.333% - 30px); min-width: 280px; background-color: #1a1a1a; border-radius: 8px; overflow: hidden; border-top: 4px solid #FF0000;\">\n                    <img decoding=\"async\" src=\"http:\/\/prigo.mx\/wp-content\/uploads\/2022\/11\/Fabricaciones-montaje-de-piso-granalladora-BMD-1.jpg\" alt=\"Montaje de Piso\" style=\"width: 100%; height: 250px; object-fit: cover; display: block;\">\n                    <div style=\"padding: 20px;\">\n                        <p style=\"margin: 0; color: #dddddd; font-size: 15px; line-height: 1.5; text-align: center;\">Fabricaci\u00f3n y montaje de piso granalladora BMD.<\/p>\n                    <\/div>\n                <\/div>\n\n            <\/div>\n        <\/div>\n\n        <div style=\"margin-bottom: 80px; max-width: 1200px; margin-left: auto; margin-right: auto;\">\n            <div style=\"border-bottom: 2px solid #333; margin-bottom: 30px; padding-bottom: 10px;\">\n                <h3 style=\"color: #ffffff; text-transform: uppercase; font-size: 24px; margin: 0;\">Material para <span style=\"color: #FF6600; font-size: 28px;\">Alta Abrasi\u00f3n<\/span><\/h3>\n                <p style=\"color: #cccccc; margin-top: 5px;\">Dureza Extrema<\/p>\n            <\/div>\n\n            <div style=\"display: flex; flex-wrap: wrap; gap: 30px; justify-content: center;\">\n                \n                <div style=\"flex: 1 1 calc(33.333% - 30px); min-width: 280px; background-color: #1a1a1a; border-radius: 8px; overflow: hidden; border-top: 4px solid #FF6600;\">\n                    <img decoding=\"async\" src=\"http:\/\/prigo.mx\/wp-content\/uploads\/2022\/11\/Abrasion-1-6.jpg\" alt=\"Cicl\u00f3n Recuperador\" style=\"width: 100%; height: 250px; object-fit: cover; display: block;\">\n                    <div style=\"padding: 20px;\">\n                        <p style=\"margin: 0; color: #dddddd; font-size: 15px; line-height: 1.5; text-align: center;\">Cicl\u00f3n recuperador de polvos en material para alta abrasi\u00f3n.<\/p>\n                    <\/div>\n                <\/div>\n\n                <div style=\"flex: 1 1 calc(33.333% - 30px); min-width: 280px; background-color: #1a1a1a; border-radius: 8px; overflow: hidden; border-top: 4px solid #FF6600;\">\n                    <img decoding=\"async\" src=\"http:\/\/prigo.mx\/wp-content\/uploads\/2022\/11\/Abrasion-2-2.jpg\" alt=\"Cono de Soplado\" style=\"width: 100%; height: 250px; object-fit: cover; display: block;\">\n                    <div style=\"padding: 20px;\">\n                        <p style=\"margin: 0; color: #dddddd; font-size: 15px; line-height: 1.5; text-align: center;\">Cono de soplado en ducter\u00eda de arenas.<\/p>\n                    <\/div>\n                <\/div>\n\n                <div style=\"flex: 1 1 calc(33.333% - 30px); min-width: 280px; background-color: #1a1a1a; border-radius: 8px; overflow: hidden; border-top: 4px solid #FF6600;\">\n                    <img decoding=\"async\" src=\"http:\/\/prigo.mx\/wp-content\/uploads\/2022\/11\/Abrasion-3-scaled.jpg\" alt=\"Criba para Arenas\" style=\"width: 100%; height: 250px; object-fit: cover; display: block;\">\n                    <div style=\"padding: 20px;\">\n                        <p style=\"margin: 0; color: #dddddd; font-size: 15px; line-height: 1.5; text-align: center;\">Criba para arenas fabricada a medida.<\/p>\n                    <\/div>\n                <\/div>\n                \n                <\/div>\n        <\/div>\n\n        <div style=\"margin-bottom: 40px; max-width: 1200px; margin-left: auto; margin-right: auto;\">\n            <div style=\"border-bottom: 2px solid #333; margin-bottom: 30px; padding-bottom: 10px;\">\n                <h3 style=\"color: #ffffff; text-transform: uppercase; font-size: 24px; margin: 0;\">Material para <span style=\"color: #FFB300; font-size: 28px;\">Alta Temperatura<\/span><\/h3>\n                <p style=\"color: #cccccc; margin-top: 5px;\">Operaci\u00f3n superior a 950\u00b0 C<\/p>\n            <\/div>\n\n            <div style=\"display: flex; flex-wrap: wrap; gap: 30px; justify-content: center;\">\n                \n                <div style=\"flex: 1 1 calc(33.333% - 30px); min-width: 280px; background-color: #1a1a1a; border-radius: 8px; overflow: hidden; border-top: 4px solid #FFB300;\">\n                    <img decoding=\"async\" src=\"http:\/\/prigo.mx\/wp-content\/uploads\/2022\/11\/TEMPERATURA-1-1.jpg\" alt=\"Tubos Radiantes\" style=\"width: 100%; height: 250px; object-fit: cover; display: block;\">\n                    <div style=\"padding: 20px;\">\n                        <p style=\"margin: 0; color: #dddddd; font-size: 15px; line-height: 1.5; text-align: center;\">Fabricaci\u00f3n de tubos radiantes.<\/p>\n                    <\/div>\n                <\/div>\n\n                <div style=\"flex: 1 1 calc(33.333% - 30px); min-width: 280px; background-color: #1a1a1a; border-radius: 8px; overflow: hidden; border-top: 4px solid #FFB300;\">\n                    <img decoding=\"async\" src=\"http:\/\/prigo.mx\/wp-content\/uploads\/2022\/11\/TEMPERATURA-2-2.jpg\" alt=\"Turbinas y Ventiladores\" style=\"width: 100%; height: 250px; object-fit: cover; display: block;\">\n                    <div style=\"padding: 20px;\">\n                        <p style=\"margin: 0; color: #dddddd; font-size: 15px; line-height: 1.5; text-align: center;\">Turbinas y ventiladores industriales.<\/p>\n                    <\/div>\n                <\/div>\n\n                <div style=\"flex: 1 1 calc(33.333% - 30px); min-width: 280px; background-color: #1a1a1a; border-radius: 8px; overflow: hidden; border-top: 4px solid #FFB300;\">\n                    <img decoding=\"async\" src=\"http:\/\/prigo.mx\/wp-content\/uploads\/2022\/11\/TEMPERATURA-3-1.jpg\" alt=\"Rolos y Muflas\" style=\"width: 100%; height: 250px; object-fit: cover; display: block;\">\n                    <div style=\"padding: 20px;\">\n                        <p style=\"margin: 0; color: #dddddd; font-size: 15px; line-height: 1.5; text-align: center;\">Fabricaci\u00f3n de rolos y muflas.<\/p>\n                    <\/div>\n                <\/div>\n\n            <\/div>\n        <\/div>\n\n    <\/div>\n<\/div>\n","protected":false},"excerpt":{"rendered":"<p>Fabricaci\u00f3n Proyectos a medida y soluciones exactas para la industria pesada. Material para Alto Impacto 12\/14% Manganeso Corte por medio de plasma, placa de 20 mm espesor, tablillas piso granalladora. Blindaje para granalladoras 12-14% Manganeso. Fabricaci\u00f3n y montaje de piso granalladora BMD. Material para Alta Abrasi\u00f3n Dureza Extrema Cicl\u00f3n recuperador de polvos en material para [&hellip;]<\/p>\n","protected":false},"author":2,"featured_media":0,"parent":0,"menu_order":0,"comment_status":"closed","ping_status":"closed","template":"","meta":{"_uag_custom_page_level_css":"","site-sidebar-layout":"default","site-content-layout":"","ast-site-content-layout":"full-width-container","site-content-style":"default","site-sidebar-style":"default","ast-global-header-display":"","ast-banner-title-visibility":"","ast-main-header-display":"","ast-hfb-above-header-display":"","ast-hfb-below-header-display":"","ast-hfb-mobile-header-display":"","site-post-title":"disabled","ast-breadcrumbs-content":"","ast-featured-img":"","footer-sml-layout":"","ast-disable-related-posts":"","theme-transparent-header-meta":"","adv-header-id-meta":"","stick-header-meta":"","header-above-stick-meta":"","header-main-stick-meta":"","header-below-stick-meta":"","astra-migrate-meta-layouts":"set","ast-page-background-enabled":"default","ast-page-background-meta":{"desktop":{"background-color":"","background-image":"","background-repeat":"repeat","background-position":"center center","background-size":"auto","background-attachment":"scroll","background-type":"","background-media":"","overlay-type":"","overlay-color":"","overlay-opacity":"","overlay-gradient":""},"tablet":{"background-color":"","background-image":"","background-repeat":"repeat","background-position":"center center","background-size":"auto","background-attachment":"scroll","background-type":"","background-media":"","overlay-type":"","overlay-color":"","overlay-opacity":"","overlay-gradient":""},"mobile":{"background-color":"","background-image":"","background-repeat":"repeat","background-position":"center center","background-size":"auto","background-attachment":"scroll","background-type":"","background-media":"","overlay-type":"","overlay-color":"","overlay-opacity":"","overlay-gradient":""}},"ast-content-background-meta":{"desktop":{"background-color":"var(--ast-global-color-5)","background-image":"","background-repeat":"repeat","background-position":"center center","background-size":"auto","background-attachment":"scroll","background-type":"","background-media":"","overlay-type":"","overlay-color":"","overlay-opacity":"","overlay-gradient":""},"tablet":{"background-color":"var(--ast-global-color-5)","background-image":"","background-repeat":"repeat","background-position":"center center","background-size":"auto","background-attachment":"scroll","background-type":"","background-media":"","overlay-type":"","overlay-color":"","overlay-opacity":"","overlay-gradient":""},"mobile":{"background-color":"var(--ast-global-color-5)","background-image":"","background-repeat":"repeat","background-position":"center center","background-size":"auto","background-attachment":"scroll","background-type":"","background-media":"","overlay-type":"","overlay-color":"","overlay-opacity":"","overlay-gradient":""}},"_joinchat":[],"footnotes":""},"class_list":["post-1779","page","type-page","status-publish","hentry"],"yoast_head":"<!-- This site is optimized with the Yoast SEO plugin v27.3 - https:\/\/yoast.com\/product\/yoast-seo-wordpress\/ -->\n<title>Fabricaci\u00f3n - PRIGO ACEROS ESPECIALES S.A. de C.V.<\/title>\n<meta name=\"robots\" content=\"index, follow, max-snippet:-1, max-image-preview:large, max-video-preview:-1\" \/>\n<link rel=\"canonical\" href=\"https:\/\/prigo.mx\/prigo-wip\/fabricacion-2\/\" \/>\n<meta property=\"og:locale\" content=\"es_ES\" \/>\n<meta property=\"og:type\" content=\"article\" \/>\n<meta property=\"og:title\" content=\"Fabricaci\u00f3n - PRIGO ACEROS ESPECIALES S.A. de C.V.\" \/>\n<meta property=\"og:description\" content=\"Fabricaci\u00f3n Proyectos a medida y soluciones exactas para la industria pesada. Material para Alto Impacto 12\/14% Manganeso Corte por medio de plasma, placa de 20 mm espesor, tablillas piso granalladora. Blindaje para granalladoras 12-14% Manganeso. Fabricaci\u00f3n y montaje de piso granalladora BMD. Material para Alta Abrasi\u00f3n Dureza Extrema Cicl\u00f3n recuperador de polvos en material para [&hellip;]\" \/>\n<meta property=\"og:url\" content=\"https:\/\/prigo.mx\/prigo-wip\/fabricacion-2\/\" \/>\n<meta property=\"og:site_name\" content=\"PRIGO ACEROS ESPECIALES S.A. de C.V.\" \/>\n<meta property=\"article:publisher\" content=\"https:\/\/www.facebook.com\/share\/1Ag2aeUQAx\/\" \/>\n<meta property=\"article:modified_time\" content=\"2026-03-02T06:09:17+00:00\" \/>\n<meta property=\"og:image\" content=\"http:\/\/prigo.mx\/wp-content\/uploads\/2026\/03\/CORTE-PLASMA-ACTUALIZADO-scaled.png\" \/>\n<meta name=\"twitter:card\" content=\"summary_large_image\" \/>\n<meta name=\"twitter:label1\" content=\"Tiempo de lectura\" \/>\n\t<meta name=\"twitter:data1\" content=\"3 minutos\" \/>\n<script type=\"application\/ld+json\" class=\"yoast-schema-graph\">{\"@context\":\"https:\\\/\\\/schema.org\",\"@graph\":[{\"@type\":\"WebPage\",\"@id\":\"https:\\\/\\\/prigo.mx\\\/prigo-wip\\\/fabricacion-2\\\/\",\"url\":\"https:\\\/\\\/prigo.mx\\\/prigo-wip\\\/fabricacion-2\\\/\",\"name\":\"Fabricaci\u00f3n - PRIGO ACEROS ESPECIALES S.A. de C.V.\",\"isPartOf\":{\"@id\":\"https:\\\/\\\/prigo.mx\\\/prigo-wip\\\/#website\"},\"primaryImageOfPage\":{\"@id\":\"https:\\\/\\\/prigo.mx\\\/prigo-wip\\\/fabricacion-2\\\/#primaryimage\"},\"image\":{\"@id\":\"https:\\\/\\\/prigo.mx\\\/prigo-wip\\\/fabricacion-2\\\/#primaryimage\"},\"thumbnailUrl\":\"http:\\\/\\\/prigo.mx\\\/wp-content\\\/uploads\\\/2026\\\/03\\\/CORTE-PLASMA-ACTUALIZADO-scaled.png\",\"datePublished\":\"2026-03-02T06:09:16+00:00\",\"dateModified\":\"2026-03-02T06:09:17+00:00\",\"breadcrumb\":{\"@id\":\"https:\\\/\\\/prigo.mx\\\/prigo-wip\\\/fabricacion-2\\\/#breadcrumb\"},\"inLanguage\":\"es\",\"potentialAction\":[{\"@type\":\"ReadAction\",\"target\":[\"https:\\\/\\\/prigo.mx\\\/prigo-wip\\\/fabricacion-2\\\/\"]}]},{\"@type\":\"ImageObject\",\"inLanguage\":\"es\",\"@id\":\"https:\\\/\\\/prigo.mx\\\/prigo-wip\\\/fabricacion-2\\\/#primaryimage\",\"url\":\"http:\\\/\\\/prigo.mx\\\/wp-content\\\/uploads\\\/2026\\\/03\\\/CORTE-PLASMA-ACTUALIZADO-scaled.png\",\"contentUrl\":\"http:\\\/\\\/prigo.mx\\\/wp-content\\\/uploads\\\/2026\\\/03\\\/CORTE-PLASMA-ACTUALIZADO-scaled.png\"},{\"@type\":\"BreadcrumbList\",\"@id\":\"https:\\\/\\\/prigo.mx\\\/prigo-wip\\\/fabricacion-2\\\/#breadcrumb\",\"itemListElement\":[{\"@type\":\"ListItem\",\"position\":1,\"name\":\"Portada\",\"item\":\"https:\\\/\\\/prigo.mx\\\/prigo-wip\\\/\"},{\"@type\":\"ListItem\",\"position\":2,\"name\":\"Fabricaci\u00f3n\"}]},{\"@type\":\"WebSite\",\"@id\":\"https:\\\/\\\/prigo.mx\\\/prigo-wip\\\/#website\",\"url\":\"https:\\\/\\\/prigo.mx\\\/prigo-wip\\\/\",\"name\":\"prigo.mx\",\"description\":\"Soluciones f\u00e1ciles para aplicaciones dif\u00edciles\",\"publisher\":{\"@id\":\"https:\\\/\\\/prigo.mx\\\/prigo-wip\\\/#organization\"},\"potentialAction\":[{\"@type\":\"SearchAction\",\"target\":{\"@type\":\"EntryPoint\",\"urlTemplate\":\"https:\\\/\\\/prigo.mx\\\/prigo-wip\\\/?s={search_term_string}\"},\"query-input\":{\"@type\":\"PropertyValueSpecification\",\"valueRequired\":true,\"valueName\":\"search_term_string\"}}],\"inLanguage\":\"es\"},{\"@type\":\"Organization\",\"@id\":\"https:\\\/\\\/prigo.mx\\\/prigo-wip\\\/#organization\",\"name\":\"Prigo Aceros Especiales S.A. de C.V.\",\"url\":\"https:\\\/\\\/prigo.mx\\\/prigo-wip\\\/\",\"logo\":{\"@type\":\"ImageObject\",\"inLanguage\":\"es\",\"@id\":\"https:\\\/\\\/prigo.mx\\\/prigo-wip\\\/#\\\/schema\\\/logo\\\/image\\\/\",\"url\":\"https:\\\/\\\/prigo.mx\\\/wp-content\\\/uploads\\\/2023\\\/02\\\/cropped-cropped-LOGO-PRIGO2-1-1-1.png\",\"contentUrl\":\"https:\\\/\\\/prigo.mx\\\/wp-content\\\/uploads\\\/2023\\\/02\\\/cropped-cropped-LOGO-PRIGO2-1-1-1.png\",\"width\":1794,\"height\":1795,\"caption\":\"Prigo Aceros Especiales S.A. de C.V.\"},\"image\":{\"@id\":\"https:\\\/\\\/prigo.mx\\\/prigo-wip\\\/#\\\/schema\\\/logo\\\/image\\\/\"},\"sameAs\":[\"https:\\\/\\\/www.facebook.com\\\/share\\\/1Ag2aeUQAx\\\/\",\"https:\\\/\\\/www.instagram.com\\\/prigoacerosespeciales?igsh=YnFtaGJ2cjRyNjN4\",\"https:\\\/\\\/www.linkedin.com\\\/company\\\/prigo-aceros-de-importacin\\\/?viewAsMember=true\"]}]}<\/script>\n<!-- \/ Yoast SEO plugin. -->","yoast_head_json":{"title":"Fabricaci\u00f3n - PRIGO ACEROS ESPECIALES S.A. de C.V.","robots":{"index":"index","follow":"follow","max-snippet":"max-snippet:-1","max-image-preview":"max-image-preview:large","max-video-preview":"max-video-preview:-1"},"canonical":"https:\/\/prigo.mx\/prigo-wip\/fabricacion-2\/","og_locale":"es_ES","og_type":"article","og_title":"Fabricaci\u00f3n - PRIGO ACEROS ESPECIALES S.A. de C.V.","og_description":"Fabricaci\u00f3n Proyectos a medida y soluciones exactas para la industria pesada. Material para Alto Impacto 12\/14% Manganeso Corte por medio de plasma, placa de 20 mm espesor, tablillas piso granalladora. Blindaje para granalladoras 12-14% Manganeso. Fabricaci\u00f3n y montaje de piso granalladora BMD. Material para Alta Abrasi\u00f3n Dureza Extrema Cicl\u00f3n recuperador de polvos en material para [&hellip;]","og_url":"https:\/\/prigo.mx\/prigo-wip\/fabricacion-2\/","og_site_name":"PRIGO ACEROS ESPECIALES S.A. de C.V.","article_publisher":"https:\/\/www.facebook.com\/share\/1Ag2aeUQAx\/","article_modified_time":"2026-03-02T06:09:17+00:00","og_image":[{"url":"http:\/\/prigo.mx\/wp-content\/uploads\/2026\/03\/CORTE-PLASMA-ACTUALIZADO-scaled.png","type":"","width":"","height":""}],"twitter_card":"summary_large_image","twitter_misc":{"Tiempo de lectura":"3 minutos"},"schema":{"@context":"https:\/\/schema.org","@graph":[{"@type":"WebPage","@id":"https:\/\/prigo.mx\/prigo-wip\/fabricacion-2\/","url":"https:\/\/prigo.mx\/prigo-wip\/fabricacion-2\/","name":"Fabricaci\u00f3n - PRIGO ACEROS ESPECIALES S.A. de C.V.","isPartOf":{"@id":"https:\/\/prigo.mx\/prigo-wip\/#website"},"primaryImageOfPage":{"@id":"https:\/\/prigo.mx\/prigo-wip\/fabricacion-2\/#primaryimage"},"image":{"@id":"https:\/\/prigo.mx\/prigo-wip\/fabricacion-2\/#primaryimage"},"thumbnailUrl":"http:\/\/prigo.mx\/wp-content\/uploads\/2026\/03\/CORTE-PLASMA-ACTUALIZADO-scaled.png","datePublished":"2026-03-02T06:09:16+00:00","dateModified":"2026-03-02T06:09:17+00:00","breadcrumb":{"@id":"https:\/\/prigo.mx\/prigo-wip\/fabricacion-2\/#breadcrumb"},"inLanguage":"es","potentialAction":[{"@type":"ReadAction","target":["https:\/\/prigo.mx\/prigo-wip\/fabricacion-2\/"]}]},{"@type":"ImageObject","inLanguage":"es","@id":"https:\/\/prigo.mx\/prigo-wip\/fabricacion-2\/#primaryimage","url":"http:\/\/prigo.mx\/wp-content\/uploads\/2026\/03\/CORTE-PLASMA-ACTUALIZADO-scaled.png","contentUrl":"http:\/\/prigo.mx\/wp-content\/uploads\/2026\/03\/CORTE-PLASMA-ACTUALIZADO-scaled.png"},{"@type":"BreadcrumbList","@id":"https:\/\/prigo.mx\/prigo-wip\/fabricacion-2\/#breadcrumb","itemListElement":[{"@type":"ListItem","position":1,"name":"Portada","item":"https:\/\/prigo.mx\/prigo-wip\/"},{"@type":"ListItem","position":2,"name":"Fabricaci\u00f3n"}]},{"@type":"WebSite","@id":"https:\/\/prigo.mx\/prigo-wip\/#website","url":"https:\/\/prigo.mx\/prigo-wip\/","name":"prigo.mx","description":"Soluciones f\u00e1ciles para aplicaciones dif\u00edciles","publisher":{"@id":"https:\/\/prigo.mx\/prigo-wip\/#organization"},"potentialAction":[{"@type":"SearchAction","target":{"@type":"EntryPoint","urlTemplate":"https:\/\/prigo.mx\/prigo-wip\/?s={search_term_string}"},"query-input":{"@type":"PropertyValueSpecification","valueRequired":true,"valueName":"search_term_string"}}],"inLanguage":"es"},{"@type":"Organization","@id":"https:\/\/prigo.mx\/prigo-wip\/#organization","name":"Prigo Aceros Especiales S.A. de C.V.","url":"https:\/\/prigo.mx\/prigo-wip\/","logo":{"@type":"ImageObject","inLanguage":"es","@id":"https:\/\/prigo.mx\/prigo-wip\/#\/schema\/logo\/image\/","url":"https:\/\/prigo.mx\/wp-content\/uploads\/2023\/02\/cropped-cropped-LOGO-PRIGO2-1-1-1.png","contentUrl":"https:\/\/prigo.mx\/wp-content\/uploads\/2023\/02\/cropped-cropped-LOGO-PRIGO2-1-1-1.png","width":1794,"height":1795,"caption":"Prigo Aceros Especiales S.A. de C.V."},"image":{"@id":"https:\/\/prigo.mx\/prigo-wip\/#\/schema\/logo\/image\/"},"sameAs":["https:\/\/www.facebook.com\/share\/1Ag2aeUQAx\/","https:\/\/www.instagram.com\/prigoacerosespeciales?igsh=YnFtaGJ2cjRyNjN4","https:\/\/www.linkedin.com\/company\/prigo-aceros-de-importacin\/?viewAsMember=true"]}]}},"uagb_featured_image_src":{"full":false,"thumbnail":false,"medium":false,"medium_large":false,"large":false,"1536x1536":false,"2048x2048":false},"uagb_author_info":{"display_name":"Prigo","author_link":"https:\/\/prigo.mx\/prigo-wip\/author\/prigo\/"},"uagb_comment_info":0,"uagb_excerpt":"Fabricaci\u00f3n Proyectos a medida y soluciones exactas para la industria pesada. Material para Alto Impacto 12\/14% Manganeso Corte por medio de plasma, placa de 20 mm espesor, tablillas piso granalladora. Blindaje para granalladoras 12-14% Manganeso. Fabricaci\u00f3n y montaje de piso granalladora BMD. Material para Alta Abrasi\u00f3n Dureza Extrema Cicl\u00f3n recuperador de polvos en material para&hellip;","_links":{"self":[{"href":"https:\/\/prigo.mx\/prigo-wip\/wp-json\/wp\/v2\/pages\/1779","targetHints":{"allow":["GET"]}}],"collection":[{"href":"https:\/\/prigo.mx\/prigo-wip\/wp-json\/wp\/v2\/pages"}],"about":[{"href":"https:\/\/prigo.mx\/prigo-wip\/wp-json\/wp\/v2\/types\/page"}],"author":[{"embeddable":true,"href":"https:\/\/prigo.mx\/prigo-wip\/wp-json\/wp\/v2\/users\/2"}],"replies":[{"embeddable":true,"href":"https:\/\/prigo.mx\/prigo-wip\/wp-json\/wp\/v2\/comments?post=1779"}],"version-history":[{"count":2,"href":"https:\/\/prigo.mx\/prigo-wip\/wp-json\/wp\/v2\/pages\/1779\/revisions"}],"predecessor-version":[{"id":1782,"href":"https:\/\/prigo.mx\/prigo-wip\/wp-json\/wp\/v2\/pages\/1779\/revisions\/1782"}],"wp:attachment":[{"href":"https:\/\/prigo.mx\/prigo-wip\/wp-json\/wp\/v2\/media?parent=1779"}],"curies":[{"name":"wp","href":"https:\/\/api.w.org\/{rel}","templated":true}]}}