{"id":1706,"date":"2026-02-25T07:31:59","date_gmt":"2026-02-25T07:31:59","guid":{"rendered":"https:\/\/prigo.mx\/prigo-wip\/?page_id=1706"},"modified":"2026-04-10T03:21:43","modified_gmt":"2026-04-10T03:21:43","slug":"contacto-2","status":"publish","type":"page","link":"https:\/\/prigo.mx\/prigo-wip\/contacto-2\/","title":{"rendered":"Contacto"},"content":{"rendered":"\n<div class=\"wp-block-uagb-container uagb-block-e61fec08 alignfull uagb-is-root-container\"><div class=\"uagb-container-inner-blocks-wrap\">\n<div class=\"wp-block-uagb-advanced-heading uagb-block-687e85a1\"><h2 class=\"uagb-heading-text\">COTIZA  AQU\u00cd<\/h2><\/div>\n\n\n\n<p class=\"has-text-align-center has-ast-global-color-5-color has-text-color has-link-color wp-elements-c2396317fac1508be1cc90c83d4eae8a\">Respuestas r\u00e1pidas para que tu proyecto no se detenga.<\/p>\n<\/div><\/div>\n\n\n\n<div class=\"wp-block-uagb-container uagb-block-b1cbb16a alignfull uagb-is-root-container\"><div class=\"uagb-container-inner-blocks-wrap\">\n<div class=\"wp-block-uagb-container uagb-block-1a025cc9\">\n<div style=\"background-color: #f6f7f9; padding: 40px; font-family: Arial, Helvetica, sans-serif; color: #000000; border-radius: 8px;\">\n    \n\n    <div style=\"display: flex; align-items: center; margin-bottom: 25px;\">\n        <div style=\"background-color: #2b2b2b; width: 32px; height: 32px; border-radius: 4px; display: flex; align-items: center; justify-content: center; margin-right: 15px; flex-shrink: 0;\">\n            <svg fill=\"#ffffff\" viewBox=\"0 0 24 24\" width=\"18\" height=\"18\"><path d=\"M6.62 10.79c1.44 2.83 3.76 5.14 6.59 6.59l2.2-2.2c.27-.27.67-.36 1.02-.24 1.12.37 2.33.57 3.57.57.55 0 1 .45 1 1V20c0 .55-.45 1-1 1-9.39 0-17-7.61-17-17 0-.55.45-1 1-1h3.5c.55 0 1 .45 1 1 0 1.25.2 2.45.57 3.57.11.35.03.74-.25 1.02l-2.2 2.2z\"><\/path><\/svg>\n        <\/div>\n        <span style=\"font-size: 18px;\"><strong>Tel\u00e9fono:<\/strong> <strong><a href=\"tel:4422283864\" style=\"color: #000; text-decoration: none;\">442 228 38 64<\/a><\/strong><\/span>\n    <\/div>\n\n    <div style=\"display: flex; align-items: center; margin-bottom: 25px;\">\n        <div style=\"background-color: #2b2b2b; width: 32px; height: 32px; border-radius: 4px; display: flex; align-items: center; justify-content: center; margin-right: 15px; flex-shrink: 0;\">\n            <svg fill=\"#ffffff\" viewBox=\"0 0 24 24\" width=\"20\" height=\"20\"><path d=\"M12.04 2c-5.46 0-9.91 4.45-9.91 9.91 0 1.75.46 3.41 1.31 4.89l-1.4 5.12 5.24-1.37c1.43.81 3.04 1.25 4.75 1.25 5.46 0 9.91-4.45 9.91-9.91C21.95 6.45 17.5 2 12.04 2zm5.46 14.1c-.24.68-1.4 1.3-1.94 1.38-.51.08-1.18.23-3.41-.69-2.68-1.12-4.4-3.86-4.53-4.04-.13-.17-1.08-1.44-1.08-2.75 0-1.31.68-1.96.93-2.22.24-.26.53-.32.71-.32.18 0 .36 0 .52.01.17.01.4-.06.63.48.24.58.82 2 .89 2.14.07.14.12.31.02.52-.1.21-.15.34-.3.51-.14.17-.3.37-.42.48-.14.13-.28.28-.13.54.15.26.68 1.12 1.45 1.8.99.88 1.83 1.15 2.1 1.28.26.13.42.11.58-.07.16-.18.68-.8.86-1.07.18-.28.36-.23.59-.14.24.09 1.5.71 1.76.84.26.13.43.19.5.3.06.11.06.64-.18 1.32z\"><\/path><\/svg>\n        <\/div>\n        <span style=\"font-size: 18px;\"><strong>WhatsApp:<\/strong> <strong><a href=\"https:\/\/wa.me\/524422306743\" style=\"color: #000; text-decoration: none;\">442 230 6743<\/a><\/strong><\/span>\n    <\/div>\n\n    <div style=\"display: flex; align-items: center; margin-bottom: 25px;\">\n        <div style=\"background-color: #2b2b2b; width: 32px; height: 32px; border-radius: 4px; display: flex; align-items: center; justify-content: center; margin-right: 15px; flex-shrink: 0;\">\n            <svg fill=\"#ffffff\" viewBox=\"0 0 24 24\" width=\"18\" height=\"18\"><path d=\"M20 4H4c-1.1 0-1.99.9-1.99 2L2 18c0 1.1.9 2 2 2h16c1.1 0 2-.9 2-2V6c0-1.1-.9-2-2-2zm0 4l-8 5-8-5V6l8 5 8-5v2z\"><\/path><\/svg>\n        <\/div>\n        <span style=\"font-size: 18px; line-height: 1.4;\"><strong>E-mail:<\/strong> <a href=\"mailto:ventasprigo1@outlook.com\" style=\"color: #c00000; text-decoration: underline; font-weight: bold;\">ventasprigo1@outlook.com<\/a> <span style=\"color:#000;\">|<\/span> <br><a href=\"mailto:ventasprigo@outlook.com\" style=\"color: #c00000; text-decoration: underline; font-weight: bold;\">ventasprigo@outlook.com<\/a><\/span>\n    <\/div>\n\n    <div style=\"display: flex; align-items: center; margin-bottom: 25px;\">\n        <div style=\"background-color: #2b2b2b; width: 32px; height: 32px; border-radius: 4px; display: flex; align-items: center; justify-content: center; margin-right: 15px; flex-shrink: 0;\">\n            <svg fill=\"#ffffff\" viewBox=\"0 0 24 24\" width=\"18\" height=\"18\"><path d=\"M20 4H4c-1.1 0-1.99.9-1.99 2L2 18c0 1.1.9 2 2 2h16c1.1 0 2-.9 2-2V6c0-1.1-.9-2-2-2zm0 4l-8 5-8-5V6l8 5 8-5v2z\"><\/path><\/svg>\n        <\/div>\n        <span style=\"font-size: 18px;\"><strong>Compras:<\/strong> <a href=\"mailto:comprasprigo@outlook.com\" style=\"color: #c00000; text-decoration: underline; font-weight: bold;\">comprasprigo@outlook.com<\/a><\/span>\n    <\/div>\n\n    <div style=\"display: flex; align-items: center; margin-bottom: 30px;\">\n        <div style=\"background-color: #2b2b2b; width: 32px; height: 32px; border-radius: 4px; display: flex; align-items: center; justify-content: center; margin-right: 15px; flex-shrink: 0;\">\n            <svg fill=\"#ffffff\" viewBox=\"0 0 24 24\" width=\"18\" height=\"18\"><path d=\"M20 4H4c-1.1 0-1.99.9-1.99 2L2 18c0 1.1.9 2 2 2h16c1.1 0 2-.9 2-2V6c0-1.1-.9-2-2-2zm0 4l-8 5-8-5V6l8 5 8-5v2z\"><\/path><\/svg>\n        <\/div>\n        <span style=\"font-size: 18px;\"><strong>Fabricaciones:<\/strong> <a href=\"mailto:prigo216@outlook.com\" style=\"color: #c00000; text-decoration: underline; font-weight: bold;\">prigo216@outlook.com<\/a><\/span>\n    <\/div>\n\n    <div style=\"margin-left: 47px; font-size: 18px;\">\n        <strong>Horario de atenci\u00f3n:<\/strong> De lunes a viernes de 8:00 a 14:00 y de 15:00 a 17:30\n    <\/div>\n\n<\/div>\n<\/div>\n\n\n\n<div class=\"wp-block-uagb-container uagb-block-b42fbbcd\">\n<div class=\"wp-block-uagb-forms uagb-forms__outer-wrap uagb-block-b8f21f3b uagb-forms__medium-btn\"><form class=\"uagb-forms-main-form\" method=\"post\" autocomplete=\"on\" name=\"uagb-form-b8f21f3b\">\n<div class=\"wp-block-uagb-forms-name uagb-forms-name-wrap uagb-forms-field-set uagb-block-90b6bca4\"><div class=\"uagb-forms-name-label required uagb-forms-input-label\" id=\"90b6bca4\">Nombre<\/div><input type=\"text\" placeholder=\"\" required class=\"uagb-forms-name-input uagb-forms-input\" name=\"90b6bca4\" autocomplete=\"given-name\"\/><\/div>\n\n\n\n<div class=\"wp-block-uagb-forms-name uagb-forms-name-wrap uagb-forms-field-set uagb-block-afaf05e5\"><div class=\"uagb-forms-name-label required uagb-forms-input-label\" id=\"afaf05e5\">Empresa<\/div><input type=\"text\" placeholder=\"\" required class=\"uagb-forms-name-input uagb-forms-input\" name=\"afaf05e5\" autocomplete=\"family-name\"\/><\/div>\n\n\n\n<div class=\"wp-block-uagb-forms-name uagb-forms-name-wrap uagb-forms-field-set uagb-block-89260264\"><div class=\"uagb-forms-name-label  uagb-forms-input-label\" id=\"89260264\">Numero<\/div><input type=\"text\" placeholder=\"\" class=\"uagb-forms-name-input uagb-forms-input\" name=\"89260264\" autocomplete=\"name\"\/><\/div>\n\n\n\n<div class=\"wp-block-uagb-forms-email uagb-forms-email-wrap uagb-forms-field-set uagb-block-38c8ad9a\"><div class=\"uagb-forms-email-label  uagb-forms-input-label\" id=\"38c8ad9a\">Email<\/div><input type=\"email\" class=\"uagb-forms-email-input uagb-forms-input\" placeholder=\"\" name=\"38c8ad9a\" autocomplete=\"email\"\/><\/div>\n\n\n\n<div class=\"wp-block-uagb-forms-textarea uagb-forms-textarea-wrap uagb-forms-field-set uagb-block-484a66f3\"><div class=\"uagb-forms-textarea-label required uagb-forms-input-label\" id=\"484a66f3\">Mensaje<\/div><textarea required class=\"uagb-forms-textarea-input uagb-forms-input\" rows=\"2\" placeholder=\"Cu\u00e9ntanos, \u00bfDe que trata tu proyecto?\" name=\"484a66f3\" autocomplete=\"off\"><\/textarea><\/div>\n<div class=\"uagb-forms-form-hidden-data\"><input type=\"hidden\" class=\"uagb_forms_form_label\" value=\"Spectra Form\"\/><input type=\"hidden\" class=\"uagb_forms_form_id\" value=\"uagb-form-b8f21f3b\"\/><\/div><div class=\"uagb-form-reacaptcha-error-b8f21f3b\"><\/div><div class=\"uagb-forms-main-submit-button-wrap wp-block-button\"><button class=\"uagb-forms-main-submit-button wp-block-button__link\"><div class=\"uagb-forms-main-submit-button-text\">Enviar<\/div><\/button><\/div><\/form><div class=\"uagb-forms-success-message-b8f21f3b uagb-forms-submit-message-hide\"><span>The form has been submitted successfully!<\/span><\/div><div class=\"uagb-forms-failed-message-b8f21f3b uagb-forms-submit-message-hide\"><span>There has been some error while submitting the form. Please verify all form fields again.<\/span><\/div><\/div>\n<\/div>\n<\/div><\/div>\n\n\n\n<script>\ndocument.addEventListener('blur', function (event) {\n    \/\/ Solo cuando el usuario SALE del campo de email, lo convertimos a min\u00fasculas\n    const el = event.target;\n    if (el.type === 'email' || el.name.toLowerCase().includes('email')) {\n        el.value = el.value.toLowerCase().trim();\n    }\n}, true);\n<\/script>\n\n<style>\n    \/* Quitamos el bloqueo visual para que veas lo que escribes *\/\n    input[type=\"email\"] {\n        text-transform: none !important;\n    }\n<\/style>\n","protected":false},"excerpt":{"rendered":"<p>COTIZA AQU\u00cd Respuestas r\u00e1pidas para que tu proyecto no se detenga. Tel\u00e9fono: 442 228 38 64 WhatsApp: 442 230 6743 E-mail: ventasprigo1@outlook.com | ventasprigo@outlook.com Compras: comprasprigo@outlook.com Fabricaciones: prigo216@outlook.com Horario de atenci\u00f3n: De lunes a viernes de 8:00 a 14:00 y de 15:00 a 17:30<\/p>\n","protected":false},"author":2,"featured_media":0,"parent":0,"menu_order":0,"comment_status":"closed","ping_status":"closed","template":"","meta":{"_uag_custom_page_level_css":"","site-sidebar-layout":"default","site-content-layout":"","ast-site-content-layout":"full-width-container","site-content-style":"default","site-sidebar-style":"default","ast-global-header-display":"","ast-banner-title-visibility":"","ast-main-header-display":"","ast-hfb-above-header-display":"","ast-hfb-below-header-display":"","ast-hfb-mobile-header-display":"","site-post-title":"disabled","ast-breadcrumbs-content":"","ast-featured-img":"","footer-sml-layout":"","ast-disable-related-posts":"","theme-transparent-header-meta":"","adv-header-id-meta":"","stick-header-meta":"","header-above-stick-meta":"","header-main-stick-meta":"","header-below-stick-meta":"","astra-migrate-meta-layouts":"set","ast-page-background-enabled":"default","ast-page-background-meta":{"desktop":{"background-color":"","background-image":"","background-repeat":"repeat","background-position":"center center","background-size":"auto","background-attachment":"scroll","background-type":"","background-media":"","overlay-type":"","overlay-color":"","overlay-opacity":"","overlay-gradient":""},"tablet":{"background-color":"","background-image":"","background-repeat":"repeat","background-position":"center center","background-size":"auto","background-attachment":"scroll","background-type":"","background-media":"","overlay-type":"","overlay-color":"","overlay-opacity":"","overlay-gradient":""},"mobile":{"background-color":"","background-image":"","background-repeat":"repeat","background-position":"center center","background-size":"auto","background-attachment":"scroll","background-type":"","background-media":"","overlay-type":"","overlay-color":"","overlay-opacity":"","overlay-gradient":""}},"ast-content-background-meta":{"desktop":{"background-color":"var(--ast-global-color-5)","background-image":"","background-repeat":"repeat","background-position":"center center","background-size":"auto","background-attachment":"scroll","background-type":"","background-media":"","overlay-type":"","overlay-color":"","overlay-opacity":"","overlay-gradient":""},"tablet":{"background-color":"var(--ast-global-color-5)","background-image":"","background-repeat":"repeat","background-position":"center center","background-size":"auto","background-attachment":"scroll","background-type":"","background-media":"","overlay-type":"","overlay-color":"","overlay-opacity":"","overlay-gradient":""},"mobile":{"background-color":"var(--ast-global-color-5)","background-image":"","background-repeat":"repeat","background-position":"center center","background-size":"auto","background-attachment":"scroll","background-type":"","background-media":"","overlay-type":"","overlay-color":"","overlay-opacity":"","overlay-gradient":""}},"_joinchat":[],"footnotes":""},"class_list":["post-1706","page","type-page","status-publish","hentry"],"yoast_head":"<!-- This site is optimized with the Yoast SEO plugin v27.3 - https:\/\/yoast.com\/product\/yoast-seo-wordpress\/ -->\n<title>Contacto - PRIGO ACEROS ESPECIALES S.A. de C.V.<\/title>\n<meta name=\"robots\" content=\"index, follow, max-snippet:-1, max-image-preview:large, max-video-preview:-1\" \/>\n<link rel=\"canonical\" href=\"https:\/\/prigo.mx\/prigo-wip\/contacto-2\/\" \/>\n<meta property=\"og:locale\" content=\"es_ES\" \/>\n<meta property=\"og:type\" content=\"article\" \/>\n<meta property=\"og:title\" content=\"Contacto - PRIGO ACEROS ESPECIALES S.A. de C.V.\" \/>\n<meta property=\"og:description\" content=\"COTIZA AQU\u00cd Respuestas r\u00e1pidas para que tu proyecto no se detenga. Tel\u00e9fono: 442 228 38 64 WhatsApp: 442 230 6743 E-mail: ventasprigo1@outlook.com | ventasprigo@outlook.com Compras: comprasprigo@outlook.com Fabricaciones: prigo216@outlook.com Horario de atenci\u00f3n: De lunes a viernes de 8:00 a 14:00 y de 15:00 a 17:30\" \/>\n<meta property=\"og:url\" content=\"https:\/\/prigo.mx\/prigo-wip\/contacto-2\/\" \/>\n<meta property=\"og:site_name\" content=\"PRIGO ACEROS ESPECIALES S.A. de C.V.\" \/>\n<meta property=\"article:publisher\" content=\"https:\/\/www.facebook.com\/share\/1Ag2aeUQAx\/\" \/>\n<meta property=\"article:modified_time\" content=\"2026-04-10T03:21:43+00:00\" \/>\n<meta name=\"twitter:card\" content=\"summary_large_image\" \/>\n<meta name=\"twitter:label1\" content=\"Tiempo de lectura\" \/>\n\t<meta name=\"twitter:data1\" content=\"1 minuto\" \/>\n<script type=\"application\/ld+json\" class=\"yoast-schema-graph\">{\"@context\":\"https:\\\/\\\/schema.org\",\"@graph\":[{\"@type\":\"WebPage\",\"@id\":\"https:\\\/\\\/prigo.mx\\\/prigo-wip\\\/contacto-2\\\/\",\"url\":\"https:\\\/\\\/prigo.mx\\\/prigo-wip\\\/contacto-2\\\/\",\"name\":\"Contacto - PRIGO ACEROS ESPECIALES S.A. de C.V.\",\"isPartOf\":{\"@id\":\"https:\\\/\\\/prigo.mx\\\/prigo-wip\\\/#website\"},\"datePublished\":\"2026-02-25T07:31:59+00:00\",\"dateModified\":\"2026-04-10T03:21:43+00:00\",\"breadcrumb\":{\"@id\":\"https:\\\/\\\/prigo.mx\\\/prigo-wip\\\/contacto-2\\\/#breadcrumb\"},\"inLanguage\":\"es\",\"potentialAction\":[{\"@type\":\"ReadAction\",\"target\":[\"https:\\\/\\\/prigo.mx\\\/prigo-wip\\\/contacto-2\\\/\"]}]},{\"@type\":\"BreadcrumbList\",\"@id\":\"https:\\\/\\\/prigo.mx\\\/prigo-wip\\\/contacto-2\\\/#breadcrumb\",\"itemListElement\":[{\"@type\":\"ListItem\",\"position\":1,\"name\":\"Portada\",\"item\":\"https:\\\/\\\/prigo.mx\\\/prigo-wip\\\/\"},{\"@type\":\"ListItem\",\"position\":2,\"name\":\"Contacto\"}]},{\"@type\":\"WebSite\",\"@id\":\"https:\\\/\\\/prigo.mx\\\/prigo-wip\\\/#website\",\"url\":\"https:\\\/\\\/prigo.mx\\\/prigo-wip\\\/\",\"name\":\"prigo.mx\",\"description\":\"Soluciones f\u00e1ciles para aplicaciones dif\u00edciles\",\"publisher\":{\"@id\":\"https:\\\/\\\/prigo.mx\\\/prigo-wip\\\/#organization\"},\"potentialAction\":[{\"@type\":\"SearchAction\",\"target\":{\"@type\":\"EntryPoint\",\"urlTemplate\":\"https:\\\/\\\/prigo.mx\\\/prigo-wip\\\/?s={search_term_string}\"},\"query-input\":{\"@type\":\"PropertyValueSpecification\",\"valueRequired\":true,\"valueName\":\"search_term_string\"}}],\"inLanguage\":\"es\"},{\"@type\":\"Organization\",\"@id\":\"https:\\\/\\\/prigo.mx\\\/prigo-wip\\\/#organization\",\"name\":\"Prigo Aceros Especiales S.A. de C.V.\",\"url\":\"https:\\\/\\\/prigo.mx\\\/prigo-wip\\\/\",\"logo\":{\"@type\":\"ImageObject\",\"inLanguage\":\"es\",\"@id\":\"https:\\\/\\\/prigo.mx\\\/prigo-wip\\\/#\\\/schema\\\/logo\\\/image\\\/\",\"url\":\"https:\\\/\\\/prigo.mx\\\/wp-content\\\/uploads\\\/2023\\\/02\\\/cropped-cropped-LOGO-PRIGO2-1-1-1.png\",\"contentUrl\":\"https:\\\/\\\/prigo.mx\\\/wp-content\\\/uploads\\\/2023\\\/02\\\/cropped-cropped-LOGO-PRIGO2-1-1-1.png\",\"width\":1794,\"height\":1795,\"caption\":\"Prigo Aceros Especiales S.A. de C.V.\"},\"image\":{\"@id\":\"https:\\\/\\\/prigo.mx\\\/prigo-wip\\\/#\\\/schema\\\/logo\\\/image\\\/\"},\"sameAs\":[\"https:\\\/\\\/www.facebook.com\\\/share\\\/1Ag2aeUQAx\\\/\",\"https:\\\/\\\/www.instagram.com\\\/prigoacerosespeciales?igsh=YnFtaGJ2cjRyNjN4\",\"https:\\\/\\\/www.linkedin.com\\\/company\\\/prigo-aceros-de-importacin\\\/?viewAsMember=true\"]}]}<\/script>\n<!-- \/ Yoast SEO plugin. -->","yoast_head_json":{"title":"Contacto - PRIGO ACEROS ESPECIALES S.A. de C.V.","robots":{"index":"index","follow":"follow","max-snippet":"max-snippet:-1","max-image-preview":"max-image-preview:large","max-video-preview":"max-video-preview:-1"},"canonical":"https:\/\/prigo.mx\/prigo-wip\/contacto-2\/","og_locale":"es_ES","og_type":"article","og_title":"Contacto - PRIGO ACEROS ESPECIALES S.A. de C.V.","og_description":"COTIZA AQU\u00cd Respuestas r\u00e1pidas para que tu proyecto no se detenga. Tel\u00e9fono: 442 228 38 64 WhatsApp: 442 230 6743 E-mail: ventasprigo1@outlook.com | ventasprigo@outlook.com Compras: comprasprigo@outlook.com Fabricaciones: prigo216@outlook.com Horario de atenci\u00f3n: De lunes a viernes de 8:00 a 14:00 y de 15:00 a 17:30","og_url":"https:\/\/prigo.mx\/prigo-wip\/contacto-2\/","og_site_name":"PRIGO ACEROS ESPECIALES S.A. de C.V.","article_publisher":"https:\/\/www.facebook.com\/share\/1Ag2aeUQAx\/","article_modified_time":"2026-04-10T03:21:43+00:00","twitter_card":"summary_large_image","twitter_misc":{"Tiempo de lectura":"1 minuto"},"schema":{"@context":"https:\/\/schema.org","@graph":[{"@type":"WebPage","@id":"https:\/\/prigo.mx\/prigo-wip\/contacto-2\/","url":"https:\/\/prigo.mx\/prigo-wip\/contacto-2\/","name":"Contacto - PRIGO ACEROS ESPECIALES S.A. de C.V.","isPartOf":{"@id":"https:\/\/prigo.mx\/prigo-wip\/#website"},"datePublished":"2026-02-25T07:31:59+00:00","dateModified":"2026-04-10T03:21:43+00:00","breadcrumb":{"@id":"https:\/\/prigo.mx\/prigo-wip\/contacto-2\/#breadcrumb"},"inLanguage":"es","potentialAction":[{"@type":"ReadAction","target":["https:\/\/prigo.mx\/prigo-wip\/contacto-2\/"]}]},{"@type":"BreadcrumbList","@id":"https:\/\/prigo.mx\/prigo-wip\/contacto-2\/#breadcrumb","itemListElement":[{"@type":"ListItem","position":1,"name":"Portada","item":"https:\/\/prigo.mx\/prigo-wip\/"},{"@type":"ListItem","position":2,"name":"Contacto"}]},{"@type":"WebSite","@id":"https:\/\/prigo.mx\/prigo-wip\/#website","url":"https:\/\/prigo.mx\/prigo-wip\/","name":"prigo.mx","description":"Soluciones f\u00e1ciles para aplicaciones dif\u00edciles","publisher":{"@id":"https:\/\/prigo.mx\/prigo-wip\/#organization"},"potentialAction":[{"@type":"SearchAction","target":{"@type":"EntryPoint","urlTemplate":"https:\/\/prigo.mx\/prigo-wip\/?s={search_term_string}"},"query-input":{"@type":"PropertyValueSpecification","valueRequired":true,"valueName":"search_term_string"}}],"inLanguage":"es"},{"@type":"Organization","@id":"https:\/\/prigo.mx\/prigo-wip\/#organization","name":"Prigo Aceros Especiales S.A. de C.V.","url":"https:\/\/prigo.mx\/prigo-wip\/","logo":{"@type":"ImageObject","inLanguage":"es","@id":"https:\/\/prigo.mx\/prigo-wip\/#\/schema\/logo\/image\/","url":"https:\/\/prigo.mx\/wp-content\/uploads\/2023\/02\/cropped-cropped-LOGO-PRIGO2-1-1-1.png","contentUrl":"https:\/\/prigo.mx\/wp-content\/uploads\/2023\/02\/cropped-cropped-LOGO-PRIGO2-1-1-1.png","width":1794,"height":1795,"caption":"Prigo Aceros Especiales S.A. de C.V."},"image":{"@id":"https:\/\/prigo.mx\/prigo-wip\/#\/schema\/logo\/image\/"},"sameAs":["https:\/\/www.facebook.com\/share\/1Ag2aeUQAx\/","https:\/\/www.instagram.com\/prigoacerosespeciales?igsh=YnFtaGJ2cjRyNjN4","https:\/\/www.linkedin.com\/company\/prigo-aceros-de-importacin\/?viewAsMember=true"]}]}},"uagb_featured_image_src":{"full":false,"thumbnail":false,"medium":false,"medium_large":false,"large":false,"1536x1536":false,"2048x2048":false},"uagb_author_info":{"display_name":"Prigo","author_link":"https:\/\/prigo.mx\/prigo-wip\/author\/prigo\/"},"uagb_comment_info":0,"uagb_excerpt":"COTIZA AQU\u00cd Respuestas r\u00e1pidas para que tu proyecto no se detenga. Tel\u00e9fono: 442 228 38 64 WhatsApp: 442 230 6743 E-mail: ventasprigo1@outlook.com | ventasprigo@outlook.com Compras: comprasprigo@outlook.com Fabricaciones: prigo216@outlook.com Horario de atenci\u00f3n: De lunes a viernes de 8:00 a 14:00 y de 15:00 a 17:30","_links":{"self":[{"href":"https:\/\/prigo.mx\/prigo-wip\/wp-json\/wp\/v2\/pages\/1706","targetHints":{"allow":["GET"]}}],"collection":[{"href":"https:\/\/prigo.mx\/prigo-wip\/wp-json\/wp\/v2\/pages"}],"about":[{"href":"https:\/\/prigo.mx\/prigo-wip\/wp-json\/wp\/v2\/types\/page"}],"author":[{"embeddable":true,"href":"https:\/\/prigo.mx\/prigo-wip\/wp-json\/wp\/v2\/users\/2"}],"replies":[{"embeddable":true,"href":"https:\/\/prigo.mx\/prigo-wip\/wp-json\/wp\/v2\/comments?post=1706"}],"version-history":[{"count":25,"href":"https:\/\/prigo.mx\/prigo-wip\/wp-json\/wp\/v2\/pages\/1706\/revisions"}],"predecessor-version":[{"id":1909,"href":"https:\/\/prigo.mx\/prigo-wip\/wp-json\/wp\/v2\/pages\/1706\/revisions\/1909"}],"wp:attachment":[{"href":"https:\/\/prigo.mx\/prigo-wip\/wp-json\/wp\/v2\/media?parent=1706"}],"curies":[{"name":"wp","href":"https:\/\/api.w.org\/{rel}","templated":true}]}}